{"id":2654,"date":"2022-07-09T16:58:51","date_gmt":"2022-07-09T14:58:51","guid":{"rendered":"https:\/\/mika-kuechen.de\/?page_id=2654"},"modified":"2023-04-16T13:58:15","modified_gmt":"2023-04-16T11:58:15","slug":"silverline","status":"publish","type":"page","link":"https:\/\/mika-kuechen.de\/?page_id=2654","title":{"rendered":"Silverline"},"content":{"rendered":"\t\t<div data-elementor-type=\"wp-page\" data-elementor-id=\"2654\" class=\"elementor elementor-2654\" data-elementor-settings=\"{&quot;ha_cmc_init_switcher&quot;:&quot;no&quot;}\">\n\t\t\t\t\t\t<section class=\"elementor-section elementor-top-section elementor-element elementor-element-705e1706 elementor-section-full_width elementor-section-content-middle elementor-section-height-default elementor-section-height-default wpr-particle-no wpr-jarallax-no wpr-parallax-no wpr-sticky-section-no\" data-id=\"705e1706\" data-element_type=\"section\" data-e-type=\"section\" data-settings=\"{&quot;background_background&quot;:&quot;classic&quot;,&quot;_ha_eqh_enable&quot;:false}\">\n\t\t\t\t\t\t<div class=\"elementor-container elementor-column-gap-default\">\n\t\t\t\t\t<div class=\"elementor-column elementor-col-50 elementor-top-column elementor-element elementor-element-27ec9d86\" data-id=\"27ec9d86\" data-element_type=\"column\" data-e-type=\"column\" data-settings=\"{&quot;background_background&quot;:&quot;classic&quot;}\">\n\t\t\t<div class=\"elementor-widget-wrap elementor-element-populated\">\n\t\t\t\t\t<div class=\"elementor-background-overlay\"><\/div>\n\t\t\t\t\t\t<div class=\"elementor-element elementor-element-ba00c0c elementor-widget elementor-widget-heading\" data-id=\"ba00c0c\" data-element_type=\"widget\" data-e-type=\"widget\" data-widget_type=\"heading.default\">\n\t\t\t\t<div class=\"elementor-widget-container\">\n\t\t\t\t\t<h4 class=\"elementor-heading-title elementor-size-default\">Fachhandelsmarke<\/h4>\t\t\t\t<\/div>\n\t\t\t\t<\/div>\n\t\t\t\t<div class=\"elementor-element elementor-element-345d3139 elementor-widget elementor-widget-heading\" data-id=\"345d3139\" data-element_type=\"widget\" data-e-type=\"widget\" data-widget_type=\"heading.default\">\n\t\t\t\t<div class=\"elementor-widget-container\">\n\t\t\t\t\t<p class=\"elementor-heading-title elementor-size-default\">SILVERLINE wurde erneut als \u201cFachhandelsmarke des Jahres\u201d 2020 gew\u00e4hlt.<\/p>\t\t\t\t<\/div>\n\t\t\t\t<\/div>\n\t\t\t\t\t<\/div>\n\t\t<\/div>\n\t\t\t\t<div class=\"elementor-column elementor-col-50 elementor-top-column elementor-element elementor-element-2d2a6948\" data-id=\"2d2a6948\" data-element_type=\"column\" data-e-type=\"column\">\n\t\t\t<div class=\"elementor-widget-wrap elementor-element-populated\">\n\t\t\t\t\t\t<div class=\"elementor-element elementor-element-bce1168 elementor-widget elementor-widget-image\" data-id=\"bce1168\" data-element_type=\"widget\" data-e-type=\"widget\" data-widget_type=\"image.default\">\n\t\t\t\t<div class=\"elementor-widget-container\">\n\t\t\t\t\t\t\t\t\t\t\t\t\t\t\t<img fetchpriority=\"high\" decoding=\"async\" width=\"768\" height=\"148\" src=\"https:\/\/mika-kuechen.de\/wp-content\/uploads\/2022\/07\/silverline-logo-01-768x148.png\" class=\"attachment-medium_large size-medium_large wp-image-3380\" alt=\"\" srcset=\"https:\/\/mika-kuechen.de\/wp-content\/uploads\/2022\/07\/silverline-logo-01-768x148.png 768w, https:\/\/mika-kuechen.de\/wp-content\/uploads\/2022\/07\/silverline-logo-01-300x58.png 300w, https:\/\/mika-kuechen.de\/wp-content\/uploads\/2022\/07\/silverline-logo-01-1024x198.png 1024w, https:\/\/mika-kuechen.de\/wp-content\/uploads\/2022\/07\/silverline-logo-01.png 1373w\" sizes=\"(max-width: 768px) 100vw, 768px\" \/>\t\t\t\t\t\t\t\t\t\t\t\t\t\t\t<\/div>\n\t\t\t\t<\/div>\n\t\t\t\t\t<\/div>\n\t\t<\/div>\n\t\t\t\t\t<\/div>\n\t\t<\/section>\n\t\t\t\t<section class=\"elementor-section elementor-top-section elementor-element elementor-element-ab3a219 elementor-section-boxed elementor-section-height-default elementor-section-height-default wpr-particle-no wpr-jarallax-no wpr-parallax-no wpr-sticky-section-no\" data-id=\"ab3a219\" data-element_type=\"section\" data-e-type=\"section\" data-settings=\"{&quot;background_background&quot;:&quot;classic&quot;,&quot;_ha_eqh_enable&quot;:false}\">\n\t\t\t\t\t\t<div class=\"elementor-container elementor-column-gap-default\">\n\t\t\t\t\t<div class=\"elementor-column elementor-col-100 elementor-top-column elementor-element elementor-element-712109ea\" data-id=\"712109ea\" data-element_type=\"column\" data-e-type=\"column\" data-settings=\"{&quot;background_background&quot;:&quot;classic&quot;}\">\n\t\t\t<div class=\"elementor-widget-wrap elementor-element-populated\">\n\t\t\t\t\t\t<div class=\"elementor-element elementor-element-602945dd elementor-widget elementor-widget-heading\" data-id=\"602945dd\" data-element_type=\"widget\" data-e-type=\"widget\" data-widget_type=\"heading.default\">\n\t\t\t\t<div class=\"elementor-widget-container\">\n\t\t\t\t\t<h2 class=\"elementor-heading-title elementor-size-default\">SILVERLINE Inside<\/h2>\t\t\t\t<\/div>\n\t\t\t\t<\/div>\n\t\t\t\t<div class=\"elementor-element elementor-element-5edef152 elementor-widget-divider--view-line elementor-widget elementor-widget-divider\" data-id=\"5edef152\" data-element_type=\"widget\" data-e-type=\"widget\" data-widget_type=\"divider.default\">\n\t\t\t\t<div class=\"elementor-widget-container\">\n\t\t\t\t\t\t\t<div class=\"elementor-divider\">\n\t\t\t<span class=\"elementor-divider-separator\">\n\t\t\t\t\t\t<\/span>\n\t\t<\/div>\n\t\t\t\t\t\t<\/div>\n\t\t\t\t<\/div>\n\t\t\t\t<div class=\"elementor-element elementor-element-41e0ad6a elementor-widget elementor-widget-heading\" data-id=\"41e0ad6a\" data-element_type=\"widget\" data-e-type=\"widget\" data-widget_type=\"heading.default\">\n\t\t\t\t<div class=\"elementor-widget-container\">\n\t\t\t\t\t<h4 class=\"elementor-heading-title elementor-size-default\">K\u00fcchen gewinnen in unserem t\u00e4glichen Leben immer st\u00e4rker an Bedeutung.<\/h4>\t\t\t\t<\/div>\n\t\t\t\t<\/div>\n\t\t\t\t<div class=\"elementor-element elementor-element-26a81678 elementor-widget elementor-widget-text-editor\" data-id=\"26a81678\" data-element_type=\"widget\" data-e-type=\"widget\" data-widget_type=\"text-editor.default\">\n\t\t\t\t<div class=\"elementor-widget-container\">\n\t\t\t\t\t\t\t\t\t<p><br \/>Sie sind der Mittelpunkt eines jeden Haushaltes. Ein Ort, an dem Familien zusammenkommen, genie\u00dfen und entspannen. Silverline als Hersteller hat sich verpflichtet, den W\u00fcnschen der Kunden mehr als gerecht zu werden und innovative, bedienerfreundliche Dunstabzugshauben mit hohem Nutzen zu entwickeln. Dabei stellt sich die Firma Silverline t\u00e4glich der Herausforderung, eine perfekte Synthese aus Produkt, ansprechendem und zeitlosem Design, hoher Zuverl\u00e4ssigkeit, geringen Ausfallraten und einem exzellenten Preis-Leistungs-Verh\u00e4ltnis zu schaffen.<br \/>\u00a0<br \/>\u00dcberzeugen Sie sich von den vielen attraktiven und designstarken Produktneuheiten, die richtig gut aussehen, technisch \u00fcberzeugen und einen fl\u00fcsterleisen Betrieb versprechen \u2013 f\u00fcr Gourmets und \u00c4stheten, die ihre K\u00fcche mit allen Sinnen genie\u00dfen wollen.<\/p>\t\t\t\t\t\t\t\t<\/div>\n\t\t\t\t<\/div>\n\t\t\t\t<div class=\"elementor-element elementor-element-db13433 elementor-widget elementor-widget-spacer\" data-id=\"db13433\" data-element_type=\"widget\" data-e-type=\"widget\" data-widget_type=\"spacer.default\">\n\t\t\t\t<div class=\"elementor-widget-container\">\n\t\t\t\t\t\t\t<div class=\"elementor-spacer\">\n\t\t\t<div class=\"elementor-spacer-inner\"><\/div>\n\t\t<\/div>\n\t\t\t\t\t\t<\/div>\n\t\t\t\t<\/div>\n\t\t\t\t<div class=\"elementor-element elementor-element-dcd2a6c elementor-position-left elementor-vertical-align-top elementor-widget elementor-widget-image-box\" data-id=\"dcd2a6c\" data-element_type=\"widget\" data-e-type=\"widget\" data-widget_type=\"image-box.default\">\n\t\t\t\t<div class=\"elementor-widget-container\">\n\t\t\t\t\t<div class=\"elementor-image-box-wrapper\"><figure class=\"elementor-image-box-img\"><a href=\"https:\/\/plusxaward.de\/fachhandels-und-fachhandwerksmarke-des-jahres\/\" target=\"_blank\" tabindex=\"-1\"><img decoding=\"async\" width=\"190\" height=\"300\" src=\"https:\/\/mika-kuechen.de\/wp-content\/uploads\/2022\/07\/pxa_fhm_de_pos_rgb-364x576-1-190x300.png\" class=\"attachment-medium size-medium wp-image-3386\" alt=\"\" srcset=\"https:\/\/mika-kuechen.de\/wp-content\/uploads\/2022\/07\/pxa_fhm_de_pos_rgb-364x576-1-190x300.png 190w, https:\/\/mika-kuechen.de\/wp-content\/uploads\/2022\/07\/pxa_fhm_de_pos_rgb-364x576-1.png 364w\" sizes=\"(max-width: 190px) 100vw, 190px\" \/><\/a><\/figure><div class=\"elementor-image-box-content\"><h3 class=\"elementor-image-box-title\"><a href=\"https:\/\/plusxaward.de\/fachhandels-und-fachhandwerksmarke-des-jahres\/\" target=\"_blank\">Einfach ausgezeichnet:<\/a><\/h3><p class=\"elementor-image-box-description\">Mit der Sonderauszeichnung \u201eFachhandelsmarke des Jahres 2020\u201c belohnt der Plus X Award Marken, die den Fachhandel mit ihren Konzepten besonders partnerschaftlich unterst\u00fctzen.<\/p><\/div><\/div>\t\t\t\t<\/div>\n\t\t\t\t<\/div>\n\t\t\t\t<div class=\"elementor-element elementor-element-19b1b6f elementor-widget elementor-widget-spacer\" data-id=\"19b1b6f\" data-element_type=\"widget\" data-e-type=\"widget\" data-widget_type=\"spacer.default\">\n\t\t\t\t<div class=\"elementor-widget-container\">\n\t\t\t\t\t\t\t<div class=\"elementor-spacer\">\n\t\t\t<div class=\"elementor-spacer-inner\"><\/div>\n\t\t<\/div>\n\t\t\t\t\t\t<\/div>\n\t\t\t\t<\/div>\n\t\t\t\t\t<\/div>\n\t\t<\/div>\n\t\t\t\t\t<\/div>\n\t\t<\/section>\n\t\t\t\t<section class=\"elementor-section elementor-top-section elementor-element elementor-element-7dec4e64 elementor-section-boxed elementor-section-height-default elementor-section-height-default wpr-particle-no wpr-jarallax-no wpr-parallax-no wpr-sticky-section-no\" data-id=\"7dec4e64\" data-element_type=\"section\" data-e-type=\"section\" data-settings=\"{&quot;background_background&quot;:&quot;classic&quot;,&quot;_ha_eqh_enable&quot;:false}\">\n\t\t\t\t\t\t<div class=\"elementor-container elementor-column-gap-default\">\n\t\t\t\t\t<div class=\"elementor-column elementor-col-100 elementor-top-column elementor-element elementor-element-76ae028b\" data-id=\"76ae028b\" data-element_type=\"column\" data-e-type=\"column\">\n\t\t\t<div class=\"elementor-widget-wrap elementor-element-populated\">\n\t\t\t\t\t\t<section class=\"elementor-section elementor-inner-section elementor-element elementor-element-2975616 elementor-section-boxed elementor-section-height-default elementor-section-height-default wpr-particle-no wpr-jarallax-no wpr-parallax-no wpr-sticky-section-no\" data-id=\"2975616\" data-element_type=\"section\" data-e-type=\"section\" data-settings=\"{&quot;_ha_eqh_enable&quot;:false}\">\n\t\t\t\t\t\t<div class=\"elementor-container elementor-column-gap-default\">\n\t\t\t\t\t<div class=\"elementor-column elementor-col-33 elementor-inner-column elementor-element elementor-element-85cb655\" data-id=\"85cb655\" data-element_type=\"column\" data-e-type=\"column\">\n\t\t\t<div class=\"elementor-widget-wrap elementor-element-populated\">\n\t\t\t\t\t\t<div class=\"elementor-element elementor-element-f8daa5c elementor-widget elementor-widget-video\" data-id=\"f8daa5c\" data-element_type=\"widget\" data-e-type=\"widget\" data-widget_type=\"video.default\">\n\t\t\t\t<div class=\"elementor-widget-container\">\n\t\t\t\t\t\t\t<div class=\"elementor-wrapper elementor-open-inline\">\n\t\t\t<div class=\"elementor-video\"><div class=\"BorlabsCookie _brlbs-cb-youtube\"><div class=\"_brlbs-content-blocker\"> <div class=\"_brlbs-embed _brlbs-video-youtube\"> <img decoding=\"async\" class=\"_brlbs-thumbnail\" src=\"https:\/\/mika-kuechen.de\/wp-content\/plugins\/borlabs-cookie\/assets\/images\/cb-no-thumbnail.png\" alt=\"YouTube\"> <div class=\"_brlbs-caption\"> <p>Mit dem Laden des Videos akzeptieren Sie die Datenschutzerkl\u00e4rung von YouTube.<br><a href=\"https:\/\/policies.google.com\/privacy\" target=\"_blank\" rel=\"nofollow noopener noreferrer\">Mehr erfahren<\/a><\/p> <p><a class=\"_brlbs-btn _brlbs-icon-play-white\" href=\"#\" data-borlabs-cookie-unblock role=\"button\">Video laden<\/a><\/p> <p><label><input type=\"checkbox\" name=\"unblockAll\" value=\"1\" checked> <small>YouTube immer entsperren<\/small><\/label><\/p> <\/div> <\/div> <\/div><div class=\"borlabs-hide\" data-borlabs-cookie-type=\"content-blocker\" data-borlabs-cookie-id=\"youtube\"><script type=\"text\/template\"><\/script><\/div><\/div><\/div>\t\t<\/div>\n\t\t\t\t\t\t<\/div>\n\t\t\t\t<\/div>\n\t\t\t\t\t<\/div>\n\t\t<\/div>\n\t\t\t\t<div class=\"elementor-column elementor-col-33 elementor-inner-column elementor-element elementor-element-3186bf6\" data-id=\"3186bf6\" data-element_type=\"column\" data-e-type=\"column\">\n\t\t\t<div class=\"elementor-widget-wrap elementor-element-populated\">\n\t\t\t\t\t\t<div class=\"elementor-element elementor-element-b987da3 elementor-widget elementor-widget-video\" data-id=\"b987da3\" data-element_type=\"widget\" data-e-type=\"widget\" data-widget_type=\"video.default\">\n\t\t\t\t<div class=\"elementor-widget-container\">\n\t\t\t\t\t\t\t<div class=\"elementor-wrapper elementor-open-inline\">\n\t\t\t<div class=\"elementor-video\"><div class=\"BorlabsCookie _brlbs-cb-youtube\"><div class=\"_brlbs-content-blocker\"> <div class=\"_brlbs-embed _brlbs-video-youtube\"> <img decoding=\"async\" class=\"_brlbs-thumbnail\" src=\"https:\/\/mika-kuechen.de\/wp-content\/plugins\/borlabs-cookie\/assets\/images\/cb-no-thumbnail.png\" alt=\"YouTube\"> <div class=\"_brlbs-caption\"> <p>Mit dem Laden des Videos akzeptieren Sie die Datenschutzerkl\u00e4rung von YouTube.<br><a href=\"https:\/\/policies.google.com\/privacy\" target=\"_blank\" rel=\"nofollow noopener noreferrer\">Mehr erfahren<\/a><\/p> <p><a class=\"_brlbs-btn _brlbs-icon-play-white\" href=\"#\" data-borlabs-cookie-unblock role=\"button\">Video laden<\/a><\/p> <p><label><input type=\"checkbox\" name=\"unblockAll\" value=\"1\" checked> <small>YouTube immer entsperren<\/small><\/label><\/p> <\/div> <\/div> <\/div><div class=\"borlabs-hide\" data-borlabs-cookie-type=\"content-blocker\" data-borlabs-cookie-id=\"youtube\"><script type=\"text\/template\">PGlmcmFtZSB0aXRsZT0iU0lMVkVSTElORSBVbnRlcm5laG1lbnN2aWRlbyIgd2lkdGg9IjUwMCIgaGVpZ2h0PSIyODEiIHNyYz0iaHR0cHM6Ly93d3cueW91dHViZS1ub2Nvb2tpZS5jb20vZW1iZWQvUV9NNTVrYzdEVU0\/ZmVhdHVyZT1vZW1iZWQmcmVsPTAmZW5hYmxlanNhcGk9MSZvcmlnaW49aHR0cHMlMjUzQSUyNTJGJTI1MkZtaWthLWt1ZWNoZW4uZGUmY29udHJvbHM9MSIgZnJhbWVib3JkZXI9IjAiIGFsbG93PSJhY2NlbGVyb21ldGVyOyBhdXRvcGxheTsgY2xpcGJvYXJkLXdyaXRlOyBlbmNyeXB0ZWQtbWVkaWE7IGd5cm9zY29wZTsgcGljdHVyZS1pbi1waWN0dXJlOyB3ZWItc2hhcmUiIHJlZmVycmVycG9saWN5PSJzdHJpY3Qtb3JpZ2luLXdoZW4tY3Jvc3Mtb3JpZ2luIiBhbGxvd2Z1bGxzY3JlZW4+PC9pZnJhbWU+<\/script><\/div><\/div><\/div>\t\t<\/div>\n\t\t\t\t\t\t<\/div>\n\t\t\t\t<\/div>\n\t\t\t\t\t<\/div>\n\t\t<\/div>\n\t\t\t\t<div class=\"elementor-column elementor-col-33 elementor-inner-column elementor-element elementor-element-58cdcec\" data-id=\"58cdcec\" data-element_type=\"column\" data-e-type=\"column\">\n\t\t\t<div class=\"elementor-widget-wrap elementor-element-populated\">\n\t\t\t\t\t\t<div class=\"elementor-element elementor-element-2c95811 elementor-widget elementor-widget-video\" data-id=\"2c95811\" data-element_type=\"widget\" data-e-type=\"widget\" data-widget_type=\"video.default\">\n\t\t\t\t<div class=\"elementor-widget-container\">\n\t\t\t\t\t\t\t<div class=\"elementor-wrapper elementor-open-inline\">\n\t\t\t<div class=\"elementor-video\"><div class=\"BorlabsCookie _brlbs-cb-youtube\"><div class=\"_brlbs-content-blocker\"> <div class=\"_brlbs-embed _brlbs-video-youtube\"> <img decoding=\"async\" class=\"_brlbs-thumbnail\" src=\"https:\/\/mika-kuechen.de\/wp-content\/plugins\/borlabs-cookie\/assets\/images\/cb-no-thumbnail.png\" alt=\"YouTube\"> <div class=\"_brlbs-caption\"> <p>Mit dem Laden des Videos akzeptieren Sie die Datenschutzerkl\u00e4rung von YouTube.<br><a href=\"https:\/\/policies.google.com\/privacy\" target=\"_blank\" rel=\"nofollow noopener noreferrer\">Mehr erfahren<\/a><\/p> <p><a class=\"_brlbs-btn _brlbs-icon-play-white\" href=\"#\" data-borlabs-cookie-unblock role=\"button\">Video laden<\/a><\/p> <p><label><input type=\"checkbox\" name=\"unblockAll\" value=\"1\" checked> <small>YouTube immer entsperren<\/small><\/label><\/p> <\/div> <\/div> <\/div><div class=\"borlabs-hide\" data-borlabs-cookie-type=\"content-blocker\" data-borlabs-cookie-id=\"youtube\"><script type=\"text\/template\">PGlmcmFtZSB0aXRsZT0iTWVociBBdG1vc3Bow6RyZSBtaXQgZGVyIFNJTFZFUkxJTkUgVW1sdWZ0LURlY2tlbmxpZnRoYXViZSBMaWdodGxpbmUiIHdpZHRoPSI1MDAiIGhlaWdodD0iMjgxIiBzcmM9Imh0dHBzOi8vd3d3LnlvdXR1YmUtbm9jb29raWUuY29tL2VtYmVkL3ZOV25kdy1ITUZBP2ZlYXR1cmU9b2VtYmVkJnJlbD0wJmVuYWJsZWpzYXBpPTEmb3JpZ2luPWh0dHBzJTI1M0ElMjUyRiUyNTJGbWlrYS1rdWVjaGVuLmRlJmNvbnRyb2xzPTEiIGZyYW1lYm9yZGVyPSIwIiBhbGxvdz0iYWNjZWxlcm9tZXRlcjsgYXV0b3BsYXk7IGNsaXBib2FyZC13cml0ZTsgZW5jcnlwdGVkLW1lZGlhOyBneXJvc2NvcGU7IHBpY3R1cmUtaW4tcGljdHVyZTsgd2ViLXNoYXJlIiByZWZlcnJlcnBvbGljeT0ic3RyaWN0LW9yaWdpbi13aGVuLWNyb3NzLW9yaWdpbiIgYWxsb3dmdWxsc2NyZWVuPjwvaWZyYW1lPg==<\/script><\/div><\/div><\/div>\t\t<\/div>\n\t\t\t\t\t\t<\/div>\n\t\t\t\t<\/div>\n\t\t\t\t\t<\/div>\n\t\t<\/div>\n\t\t\t\t\t<\/div>\n\t\t<\/section>\n\t\t\t\t<div class=\"elementor-element elementor-element-d1b9cba elementor-widget-divider--view-line elementor-widget elementor-widget-divider\" data-id=\"d1b9cba\" data-element_type=\"widget\" data-e-type=\"widget\" data-widget_type=\"divider.default\">\n\t\t\t\t<div class=\"elementor-widget-container\">\n\t\t\t\t\t\t\t<div class=\"elementor-divider\">\n\t\t\t<span class=\"elementor-divider-separator\">\n\t\t\t\t\t\t<\/span>\n\t\t<\/div>\n\t\t\t\t\t\t<\/div>\n\t\t\t\t<\/div>\n\t\t\t\t<div class=\"elementor-element elementor-element-6c571925 elementor-widget elementor-widget-heading\" data-id=\"6c571925\" data-element_type=\"widget\" data-e-type=\"widget\" data-widget_type=\"heading.default\">\n\t\t\t\t<div class=\"elementor-widget-container\">\n\t\t\t\t\t<h2 class=\"elementor-heading-title elementor-size-default\">SILVERLINE Endkundenbrosch\u00fcren<\/h2>\t\t\t\t<\/div>\n\t\t\t\t<\/div>\n\t\t\t\t<div class=\"elementor-element elementor-element-5a82582 elementor-widget elementor-widget-spacer\" data-id=\"5a82582\" data-element_type=\"widget\" data-e-type=\"widget\" data-widget_type=\"spacer.default\">\n\t\t\t\t<div class=\"elementor-widget-container\">\n\t\t\t\t\t\t\t<div class=\"elementor-spacer\">\n\t\t\t<div class=\"elementor-spacer-inner\"><\/div>\n\t\t<\/div>\n\t\t\t\t\t\t<\/div>\n\t\t\t\t<\/div>\n\t\t\t\t<div class=\"elementor-element elementor-element-5d26cfd elementor-widget elementor-widget-shortcode\" data-id=\"5d26cfd\" data-element_type=\"widget\" data-e-type=\"widget\" data-widget_type=\"shortcode.default\">\n\t\t\t\t<div class=\"elementor-widget-container\">\n\t\t\t\t\t\t\t<div class=\"elementor-shortcode\"> <center>\n<div class=\"_df_thumb \" id=\"df_3405\"  wpoptions=\"true\" thumb=\"https:\/\/mika-kuechen.de\/wp-content\/uploads\/2022\/07\/silverline-endkundenbroschre_2021_s_1-scaled.jpg\" >Silverline Endkundenbroschre<\/div><script data-cfasync=\"false\">var option_df_3405 = {\"outline\":[{\"title\":\"\",\"dest\":\"\"}],\"forceFit\":\"true\",\"autoEnableOutline\":\"false\",\"autoEnableThumbnail\":\"false\",\"overwritePDFOutline\":\"false\",\"direction\":\"1\",\"pageMode\":\"0\",\"source\":\"https:\\\/\\\/mika-kuechen.de\\\/wp-content\\\/uploads\\\/2022\\\/07\\\/silverline-endkundenbroschre_2021_s.pdf\",\"wpOptions\":\"true\"}; if(window.DFLIP && DFLIP.parseBooks){DFLIP.parseBooks();}<\/script> \n<div class=\"_df_thumb \" id=\"df_3411\"  wpoptions=\"true\" thumb=\"https:\/\/mika-kuechen.de\/wp-content\/uploads\/2022\/07\/silverline-lightline-endkundenbroschre_2021_s_1-scaled.jpg\" >Silverline Lightline<\/div><script data-cfasync=\"false\">var option_df_3411 = {\"outline\":[{\"title\":\"\",\"dest\":\"\"}],\"forceFit\":\"true\",\"autoEnableOutline\":\"false\",\"autoEnableThumbnail\":\"false\",\"overwritePDFOutline\":\"false\",\"direction\":\"1\",\"pageMode\":\"0\",\"source\":\"https:\\\/\\\/mika-kuechen.de\\\/wp-content\\\/uploads\\\/2022\\\/07\\\/silverline-lightline-endkundenbroschre_2021_s.pdf\",\"wpOptions\":\"true\"}; if(window.DFLIP && DFLIP.parseBooks){DFLIP.parseBooks();}<\/script> \n<div class=\"_df_thumb \" id=\"df_3413\"  wpoptions=\"true\" thumb=\"https:\/\/mika-kuechen.de\/wp-content\/uploads\/2022\/07\/silverline-flow-in-pro-endkundenbroschre_2021_s_1-scaled.jpg\" >Silverline flow in pro<\/div><script data-cfasync=\"false\">var option_df_3413 = {\"outline\":[{\"title\":\"\",\"dest\":\"\"}],\"forceFit\":\"true\",\"autoEnableOutline\":\"false\",\"autoEnableThumbnail\":\"false\",\"overwritePDFOutline\":\"false\",\"direction\":\"1\",\"pageMode\":\"0\",\"source\":\"https:\\\/\\\/mika-kuechen.de\\\/wp-content\\\/uploads\\\/2022\\\/07\\\/silverline-flow-in-pro-endkundenbroschre_2021_s.pdf\",\"wpOptions\":\"true\"}; if(window.DFLIP && DFLIP.parseBooks){DFLIP.parseBooks();}<\/script> \n<\/center><\/div>\n\t\t\t\t\t\t<\/div>\n\t\t\t\t<\/div>\n\t\t\t\t\t<\/div>\n\t\t<\/div>\n\t\t\t\t\t<\/div>\n\t\t<\/section>\n\t\t\t\t<\/div>\n\t\t","protected":false},"excerpt":{"rendered":"<p>Fachhandelsmarke SILVERLINE wurde erneut als \u201cFachhandelsmarke des Jahres\u201d 2020 gew\u00e4hlt. SILVERLINE Inside K\u00fcchen gewinnen in unserem t\u00e4glichen Leben immer st\u00e4rker an Bedeutung. Sie sind der Mittelpunkt eines jeden Haushaltes. Ein Ort, an dem Familien zusammenkommen, genie\u00dfen und entspannen. Silverline als Hersteller hat sich verpflichtet, den W\u00fcnschen der Kunden mehr als gerecht zu werden und innovative, bedienerfreundliche Dunstabzugshauben mit hohem Nutzen zu entwickeln. Dabei stellt sich die Firma Silverline t\u00e4glich der Herausforderung, eine perfekte Synthese aus Produkt, ansprechendem und zeitlosem Design, hoher Zuverl\u00e4ssigkeit, geringen Ausfallraten und einem exzellenten Preis-Leistungs-Verh\u00e4ltnis zu schaffen.\u00a0\u00dcberzeugen Sie sich von den vielen attraktiven und designstarken Produktneuheiten, die richtig gut aussehen, technisch \u00fcberzeugen und einen fl\u00fcsterleisen Betrieb versprechen \u2013 f\u00fcr Gourmets und \u00c4stheten, die ihre K\u00fcche mit allen Sinnen genie\u00dfen wollen. Einfach ausgezeichnet: Mit der Sonderauszeichnung \u201eFachhandelsmarke des Jahres 2020\u201c belohnt der Plus X Award Marken, die den Fachhandel mit ihren Konzepten besonders partnerschaftlich unterst\u00fctzen. https:\/\/www.youtube.com\/watch?v=hufZhwnG-6Ahttps:\/\/www.youtube.com\/watch?v=Q_M55kc7DUMhttps:\/\/www.youtube.com\/watch?v=vNWndw-HMFA SILVERLINE Endkundenbrosch\u00fcren<\/p>\n","protected":false},"author":1,"featured_media":0,"parent":0,"menu_order":0,"comment_status":"closed","ping_status":"closed","template":"","meta":{"footnotes":""},"class_list":["post-2654","page","type-page","status-publish","hentry"],"_links":{"self":[{"href":"https:\/\/mika-kuechen.de\/index.php?rest_route=\/wp\/v2\/pages\/2654","targetHints":{"allow":["GET"]}}],"collection":[{"href":"https:\/\/mika-kuechen.de\/index.php?rest_route=\/wp\/v2\/pages"}],"about":[{"href":"https:\/\/mika-kuechen.de\/index.php?rest_route=\/wp\/v2\/types\/page"}],"author":[{"embeddable":true,"href":"https:\/\/mika-kuechen.de\/index.php?rest_route=\/wp\/v2\/users\/1"}],"replies":[{"embeddable":true,"href":"https:\/\/mika-kuechen.de\/index.php?rest_route=%2Fwp%2Fv2%2Fcomments&post=2654"}],"version-history":[{"count":0,"href":"https:\/\/mika-kuechen.de\/index.php?rest_route=\/wp\/v2\/pages\/2654\/revisions"}],"wp:attachment":[{"href":"https:\/\/mika-kuechen.de\/index.php?rest_route=%2Fwp%2Fv2%2Fmedia&parent=2654"}],"curies":[{"name":"wp","href":"https:\/\/api.w.org\/{rel}","templated":true}]}}