{"id":3281,"date":"2022-07-11T16:16:09","date_gmt":"2022-07-11T14:16:09","guid":{"rendered":"https:\/\/mika-kuechen.de\/?page_id=3281"},"modified":"2023-04-16T13:55:17","modified_gmt":"2023-04-16T11:55:17","slug":"termin","status":"publish","type":"page","link":"https:\/\/mika-kuechen.de\/?page_id=3281","title":{"rendered":"Termin"},"content":{"rendered":"\t\t<div data-elementor-type=\"wp-page\" data-elementor-id=\"3281\" class=\"elementor elementor-3281\" data-elementor-settings=\"{&quot;ha_cmc_init_switcher&quot;:&quot;no&quot;}\">\n\t\t\t\t\t\t<section class=\"elementor-section elementor-top-section elementor-element elementor-element-b7c15ba elementor-section-full_width elementor-section-height-min-height elementor-section-height-default elementor-section-items-middle wpr-particle-no wpr-jarallax-no wpr-parallax-no wpr-sticky-section-no\" data-id=\"b7c15ba\" data-element_type=\"section\" data-e-type=\"section\" data-settings=\"{&quot;background_background&quot;:&quot;slideshow&quot;,&quot;background_slideshow_gallery&quot;:[{&quot;id&quot;:3108,&quot;url&quot;:&quot;https:\\\/\\\/mika-kuechen.de\\\/wp-content\\\/uploads\\\/2022\\\/07\\\/csm_AV6055_pastellgruen_f418f5679e.jpg&quot;},{&quot;id&quot;:3117,&quot;url&quot;:&quot;https:\\\/\\\/mika-kuechen.de\\\/wp-content\\\/uploads\\\/2022\\\/07\\\/csm_laser_brilliant_polarweiss_ae9d83f6c2.jpg&quot;},{&quot;id&quot;:3116,&quot;url&quot;:&quot;https:\\\/\\\/mika-kuechen.de\\\/wp-content\\\/uploads\\\/2022\\\/07\\\/csm_Laser_Brillant_perlgrau_1_c7fc02c409.jpg&quot;},{&quot;id&quot;:3115,&quot;url&quot;:&quot;https:\\\/\\\/mika-kuechen.de\\\/wp-content\\\/uploads\\\/2022\\\/07\\\/csm_granada_weiss_1_6a6bed6b91.jpg&quot;},{&quot;id&quot;:3114,&quot;url&quot;:&quot;https:\\\/\\\/mika-kuechen.de\\\/wp-content\\\/uploads\\\/2022\\\/07\\\/csm_comet_perlgrau_97ddd9b6e9.jpg&quot;},{&quot;id&quot;:3113,&quot;url&quot;:&quot;https:\\\/\\\/mika-kuechen.de\\\/wp-content\\\/uploads\\\/2022\\\/07\\\/csm_bristol_schwarz_85432c0294.jpg&quot;},{&quot;id&quot;:3112,&quot;url&quot;:&quot;https:\\\/\\\/mika-kuechen.de\\\/wp-content\\\/uploads\\\/2022\\\/07\\\/csm_bristol_samtblau_3d695d6290.jpg&quot;},{&quot;id&quot;:3111,&quot;url&quot;:&quot;https:\\\/\\\/mika-kuechen.de\\\/wp-content\\\/uploads\\\/2022\\\/07\\\/csm_breda_weiss_header_01_04cc50c4b0.jpg&quot;},{&quot;id&quot;:3110,&quot;url&quot;:&quot;https:\\\/\\\/mika-kuechen.de\\\/wp-content\\\/uploads\\\/2022\\\/07\\\/csm_boston_eiche_sand_header_2de8d591bf.jpg&quot;},{&quot;id&quot;:3109,&quot;url&quot;:&quot;https:\\\/\\\/mika-kuechen.de\\\/wp-content\\\/uploads\\\/2022\\\/07\\\/csm_bali_sommereiche_header2_08f7526c10.jpg&quot;}],&quot;background_slideshow_transition_duration&quot;:2000,&quot;background_slideshow_lazyload&quot;:&quot;yes&quot;,&quot;background_slideshow_ken_burns&quot;:&quot;yes&quot;,&quot;background_slideshow_loop&quot;:&quot;yes&quot;,&quot;background_slideshow_slide_duration&quot;:5000,&quot;background_slideshow_slide_transition&quot;:&quot;fade&quot;,&quot;background_slideshow_ken_burns_zoom_direction&quot;:&quot;in&quot;,&quot;_ha_eqh_enable&quot;:false}\">\n\t\t\t\t\t\t<div class=\"elementor-container elementor-column-gap-no\">\n\t\t\t\t\t<div class=\"elementor-column elementor-col-100 elementor-top-column elementor-element elementor-element-0849247\" data-id=\"0849247\" data-element_type=\"column\" data-e-type=\"column\">\n\t\t\t<div class=\"elementor-widget-wrap elementor-element-populated\">\n\t\t\t\t\t\t<div class=\"elementor-element elementor-element-89279ea elementor-widget elementor-widget-spacer\" data-id=\"89279ea\" data-element_type=\"widget\" data-e-type=\"widget\" data-widget_type=\"spacer.default\">\n\t\t\t\t<div class=\"elementor-widget-container\">\n\t\t\t\t\t\t\t<div class=\"elementor-spacer\">\n\t\t\t<div class=\"elementor-spacer-inner\"><\/div>\n\t\t<\/div>\n\t\t\t\t\t\t<\/div>\n\t\t\t\t<\/div>\n\t\t\t\t<section class=\"elementor-section elementor-inner-section elementor-element elementor-element-6e2f31d elementor-section-boxed elementor-section-height-default elementor-section-height-default wpr-particle-no wpr-jarallax-no wpr-parallax-no wpr-sticky-section-no\" data-id=\"6e2f31d\" data-element_type=\"section\" data-e-type=\"section\" data-settings=\"{&quot;_ha_eqh_enable&quot;:false}\">\n\t\t\t\t\t\t<div class=\"elementor-container elementor-column-gap-default\">\n\t\t\t\t\t<div class=\"elementor-column elementor-col-50 elementor-inner-column elementor-element elementor-element-78aa167\" data-id=\"78aa167\" data-element_type=\"column\" data-e-type=\"column\" data-settings=\"{&quot;background_background&quot;:&quot;classic&quot;}\">\n\t\t\t<div class=\"elementor-widget-wrap elementor-element-populated\">\n\t\t\t\t\t\t<div class=\"elementor-element elementor-element-594458c elementor-widget elementor-widget-text-editor\" data-id=\"594458c\" data-element_type=\"widget\" data-e-type=\"widget\" data-widget_type=\"text-editor.default\">\n\t\t\t\t<div class=\"elementor-widget-container\">\n\t\t\t\t\t\t\t\t\t<p>Haben Sie Fragen, w\u00fcrden gerne einen Termin f\u00fcr ein ausf\u00fchrliches Beratungsgespr\u00e4ch vereinbaren?\u00a0 Dann nehmen Sie Kontakt zu uns auf. Sie erreichen uns per Telefon, E-Mail oder Kontaktformular \u2013 und nat\u00fcrlich pers\u00f6nlich vor Ort.<\/p><p>Familie Mika und das gesamte Team freuen sich auf Ihren Besuch.<\/p>\t\t\t\t\t\t\t\t<\/div>\n\t\t\t\t<\/div>\n\t\t\t\t<div class=\"elementor-element elementor-element-6157ed5 elementor-widget elementor-widget-spacer\" data-id=\"6157ed5\" data-element_type=\"widget\" data-e-type=\"widget\" data-widget_type=\"spacer.default\">\n\t\t\t\t<div class=\"elementor-widget-container\">\n\t\t\t\t\t\t\t<div class=\"elementor-spacer\">\n\t\t\t<div class=\"elementor-spacer-inner\"><\/div>\n\t\t<\/div>\n\t\t\t\t\t\t<\/div>\n\t\t\t\t<\/div>\n\t\t\t\t<div class=\"elementor-element elementor-element-6e1fce2 elementor-widget elementor-widget-image\" data-id=\"6e1fce2\" data-element_type=\"widget\" data-e-type=\"widget\" data-widget_type=\"image.default\">\n\t\t\t\t<div class=\"elementor-widget-container\">\n\t\t\t\t\t\t\t\t\t\t\t\t\t\t\t<img fetchpriority=\"high\" decoding=\"async\" width=\"1024\" height=\"607\" src=\"https:\/\/mika-kuechen.de\/wp-content\/uploads\/2022\/07\/planung-1024x607.png\" class=\"attachment-large size-large wp-image-3359\" alt=\"\" srcset=\"https:\/\/mika-kuechen.de\/wp-content\/uploads\/2022\/07\/planung-1024x607.png 1024w, https:\/\/mika-kuechen.de\/wp-content\/uploads\/2022\/07\/planung-300x178.png 300w, https:\/\/mika-kuechen.de\/wp-content\/uploads\/2022\/07\/planung-768x455.png 768w, https:\/\/mika-kuechen.de\/wp-content\/uploads\/2022\/07\/planung-1536x911.png 1536w, https:\/\/mika-kuechen.de\/wp-content\/uploads\/2022\/07\/planung-2048x1214.png 2048w\" sizes=\"(max-width: 1024px) 100vw, 1024px\" \/>\t\t\t\t\t\t\t\t\t\t\t\t\t\t\t<\/div>\n\t\t\t\t<\/div>\n\t\t\t\t\t<\/div>\n\t\t<\/div>\n\t\t\t\t<div class=\"elementor-column elementor-col-50 elementor-inner-column elementor-element elementor-element-fba2c82\" data-id=\"fba2c82\" data-element_type=\"column\" data-e-type=\"column\" data-settings=\"{&quot;background_background&quot;:&quot;classic&quot;}\">\n\t\t\t<div class=\"elementor-widget-wrap elementor-element-populated\">\n\t\t\t\t\t\t<div class=\"elementor-element elementor-element-b060833 elementor-widget__width-inherit elementor-widget elementor-widget-shortcode\" data-id=\"b060833\" data-element_type=\"widget\" data-e-type=\"widget\" data-widget_type=\"shortcode.default\">\n\t\t\t\t<div class=\"elementor-widget-container\">\n\t\t\t\t\t\t\t<div class=\"elementor-shortcode\">\n<div class=\"wpcf7 no-js\" id=\"wpcf7-f3294-o1\" lang=\"de-DE\" dir=\"ltr\" data-wpcf7-id=\"3294\">\n<div class=\"screen-reader-response\"><p role=\"status\" aria-live=\"polite\" aria-atomic=\"true\"><\/p> <ul><\/ul><\/div>\n<form action=\"\/index.php?rest_route=%2Fwp%2Fv2%2Fpages%2F3281#wpcf7-f3294-o1\" method=\"post\" class=\"wpcf7-form init\" aria-label=\"Kontaktformular\" novalidate=\"novalidate\" data-status=\"init\">\n<fieldset class=\"hidden-fields-container\"><input type=\"hidden\" name=\"_wpcf7\" value=\"3294\" \/><input type=\"hidden\" name=\"_wpcf7_version\" value=\"6.1.5\" \/><input type=\"hidden\" name=\"_wpcf7_locale\" value=\"de_DE\" \/><input type=\"hidden\" name=\"_wpcf7_unit_tag\" value=\"wpcf7-f3294-o1\" \/><input type=\"hidden\" name=\"_wpcf7_container_post\" value=\"0\" \/><input type=\"hidden\" name=\"_wpcf7_posted_data_hash\" value=\"\" \/>\n<\/fieldset>\n<p><label>\n\t\t<font color=\"#ffffff\"> Welche Variante eignet sich f\u00fcr Sie am Besten?\n<span class=\"wpcf7-form-control-wrap\" data-name=\"menu-476\"><select class=\"wpcf7-form-control wpcf7-select wpcf7-validates-as-required\" aria-required=\"true\" aria-invalid=\"false\" name=\"menu-476\"><option value=\"Hallo ...\">Hallo ...<\/option><option value=\"Hallo Frau ...\">Hallo Frau ...<\/option><option value=\"Hallo Herr ...\">Hallo Herr ...<\/option><\/select><\/span>\n\t\t<\/font><\/label>\n<\/p>\n<p><label>\n\t\t<font color=\"#ffffff\"> Vorname\n <span class=\"wpcf7-form-control-wrap\" data-name=\"text-153\"><input size=\"40\" maxlength=\"400\" class=\"wpcf7-form-control wpcf7-text wpcf7-validates-as-required\" aria-required=\"true\" aria-invalid=\"false\" value=\"\" type=\"text\" name=\"text-153\" \/><\/span>\n\t\t<\/font><\/label>\n<\/p>\n<p><label>\n\t\t<font color=\"#ffffff\"> Nachname\n <span class=\"wpcf7-form-control-wrap\" data-name=\"text-154\"><input size=\"40\" maxlength=\"400\" class=\"wpcf7-form-control wpcf7-text wpcf7-validates-as-required\" aria-required=\"true\" aria-invalid=\"false\" value=\"\" type=\"text\" name=\"text-154\" \/><\/span>\n\t\t<\/font><\/label>\n<\/p>\n<p><label>\n\t\t<font color=\"#ffffff\"> Ihre E-Mail-Adresse\n <span class=\"wpcf7-form-control-wrap\" data-name=\"your-email\"><input size=\"40\" maxlength=\"400\" class=\"wpcf7-form-control wpcf7-email wpcf7-validates-as-required wpcf7-text wpcf7-validates-as-email\" aria-required=\"true\" aria-invalid=\"false\" value=\"\" type=\"email\" name=\"your-email\" \/><\/span>\n\t\t<\/font><\/label>\n<\/p>\n<p><label>\n\t\t<font color=\"#ffffff\"> Ihre Telefonummer\n<span class=\"wpcf7-form-control-wrap\" data-name=\"IhreTelefonnummer\"><input size=\"40\" maxlength=\"400\" class=\"wpcf7-form-control wpcf7-tel wpcf7-validates-as-required wpcf7-text wpcf7-validates-as-tel\" aria-required=\"true\" aria-invalid=\"false\" value=\"\" type=\"tel\" name=\"IhreTelefonnummer\" \/><\/span>\n\t\t<\/font><\/label>\n<\/p>\n<p><label>\n\t\t<font color=\"#ffffff\"> Ihre Nachricht \n <span class=\"wpcf7-form-control-wrap\" data-name=\"your-message\"><textarea cols=\"40\" rows=\"10\" maxlength=\"2000\" class=\"wpcf7-form-control wpcf7-textarea wpcf7-validates-as-required\" aria-required=\"true\" aria-invalid=\"false\" name=\"your-message\"><\/textarea><\/span>\n\t\t<\/font><\/label>\n<\/p>\n<p><label>\n\t\t<font color=\"#ffffff\"> Ihr Wunschtermin\n<span class=\"wpcf7-form-control-wrap\" data-name=\"Wunschtermin\"><input class=\"wpcf7-form-control wpcf7-date wpcf7-validates-as-date\" aria-invalid=\"false\" value=\"\" type=\"date\" name=\"Wunschtermin\" \/><\/span>\n\t\t<\/font><\/label>\n<\/p>\n<p><label>\n\t\t<font color=\"#ffffff\"> Uhrzeit\n<span class=\"wpcf7-form-control-wrap\" data-name=\"text-456\"><input size=\"40\" maxlength=\"400\" class=\"wpcf7-form-control wpcf7-text\" aria-invalid=\"false\" placeholder=\"14:00\" value=\"\" type=\"text\" name=\"text-456\" \/><\/span>\n\t\t<\/font><\/label>\n<\/p>\n<p><input class=\"wpcf7-form-control wpcf7-submit has-spinner\" type=\"submit\" value=\"Senden\" \/>\n<\/p><div class=\"wpcf7-response-output\" aria-hidden=\"true\"><\/div>\n<\/form>\n<\/div>\n<\/div>\n\t\t\t\t\t\t<\/div>\n\t\t\t\t<\/div>\n\t\t\t\t\t<\/div>\n\t\t<\/div>\n\t\t\t\t\t<\/div>\n\t\t<\/section>\n\t\t\t\t<div class=\"elementor-element elementor-element-fcddebd elementor-widget elementor-widget-spacer\" data-id=\"fcddebd\" data-element_type=\"widget\" data-e-type=\"widget\" data-widget_type=\"spacer.default\">\n\t\t\t\t<div class=\"elementor-widget-container\">\n\t\t\t\t\t\t\t<div class=\"elementor-spacer\">\n\t\t\t<div class=\"elementor-spacer-inner\"><\/div>\n\t\t<\/div>\n\t\t\t\t\t\t<\/div>\n\t\t\t\t<\/div>\n\t\t\t\t<section class=\"elementor-section elementor-inner-section elementor-element elementor-element-1865ff4 elementor-section-boxed elementor-section-height-default elementor-section-height-default wpr-particle-no wpr-jarallax-no wpr-parallax-no wpr-sticky-section-no\" data-id=\"1865ff4\" data-element_type=\"section\" data-e-type=\"section\" data-settings=\"{&quot;_ha_eqh_enable&quot;:false}\">\n\t\t\t\t\t\t<div class=\"elementor-container elementor-column-gap-default\">\n\t\t\t\t\t<div class=\"elementor-column elementor-col-100 elementor-inner-column elementor-element elementor-element-b6ad3ec\" data-id=\"b6ad3ec\" data-element_type=\"column\" data-e-type=\"column\" data-settings=\"{&quot;background_background&quot;:&quot;classic&quot;}\">\n\t\t\t<div class=\"elementor-widget-wrap elementor-element-populated\">\n\t\t\t\t\t\t<div class=\"elementor-element elementor-element-44c10ae elementor-widget elementor-widget-shortcode\" data-id=\"44c10ae\" data-element_type=\"widget\" data-e-type=\"widget\" data-widget_type=\"shortcode.default\">\n\t\t\t\t<div class=\"elementor-widget-container\">\n\t\t\t\t\t\t\t<div class=\"elementor-shortcode\">\n<\/div>\n\t\t\t\t\t\t<\/div>\n\t\t\t\t<\/div>\n\t\t\t\t\t<\/div>\n\t\t<\/div>\n\t\t\t\t\t<\/div>\n\t\t<\/section>\n\t\t\t\t\t<\/div>\n\t\t<\/div>\n\t\t\t\t\t<\/div>\n\t\t<\/section>\n\t\t\t\t<\/div>\n\t\t","protected":false},"excerpt":{"rendered":"<p>Haben Sie Fragen, w\u00fcrden gerne einen Termin f\u00fcr ein ausf\u00fchrliches Beratungsgespr\u00e4ch vereinbaren?\u00a0 Dann nehmen Sie Kontakt zu uns auf. Sie erreichen uns per Telefon, E-Mail oder Kontaktformular \u2013 und nat\u00fcrlich pers\u00f6nlich vor Ort. Familie Mika und das gesamte Team freuen sich auf Ihren Besuch.<\/p>\n","protected":false},"author":1,"featured_media":0,"parent":0,"menu_order":0,"comment_status":"closed","ping_status":"closed","template":"","meta":{"footnotes":""},"class_list":["post-3281","page","type-page","status-publish","hentry"],"_links":{"self":[{"href":"https:\/\/mika-kuechen.de\/index.php?rest_route=\/wp\/v2\/pages\/3281","targetHints":{"allow":["GET"]}}],"collection":[{"href":"https:\/\/mika-kuechen.de\/index.php?rest_route=\/wp\/v2\/pages"}],"about":[{"href":"https:\/\/mika-kuechen.de\/index.php?rest_route=\/wp\/v2\/types\/page"}],"author":[{"embeddable":true,"href":"https:\/\/mika-kuechen.de\/index.php?rest_route=\/wp\/v2\/users\/1"}],"replies":[{"embeddable":true,"href":"https:\/\/mika-kuechen.de\/index.php?rest_route=%2Fwp%2Fv2%2Fcomments&post=3281"}],"version-history":[{"count":0,"href":"https:\/\/mika-kuechen.de\/index.php?rest_route=\/wp\/v2\/pages\/3281\/revisions"}],"wp:attachment":[{"href":"https:\/\/mika-kuechen.de\/index.php?rest_route=%2Fwp%2Fv2%2Fmedia&parent=3281"}],"curies":[{"name":"wp","href":"https:\/\/api.w.org\/{rel}","templated":true}]}}